{"id":31239,"date":"2026-04-09T17:42:03","date_gmt":"2026-04-09T20:42:03","guid":{"rendered":"https:\/\/labs.sheikeco.com.br\/labautomacao\/produto\/reparo-viton-diafragma-valvula-solenoide-37mm\/"},"modified":"2026-04-09T17:42:03","modified_gmt":"2026-04-09T20:42:03","slug":"reparo-viton-diafragma-valvula-solenoide-37mm","status":"publish","type":"product","link":"https:\/\/labs.sheikeco.com.br\/labautomacao\/produto\/reparo-viton-diafragma-valvula-solenoide-37mm\/","title":{"rendered":"Reparo viton diafragma v\u00e1lvula solenoide 37mm"},"content":{"rendered":"<p>Seja Bem-Vindo (a) Lab Automa\u00e7\u00e3o<br \/>TEMOS LOJA FIS\u00cdCA<br \/>&#8212;&#8212;&#8212;&#8212;&#8212;&#8212;&#8212;&#8212;&#8212;&#8212;&#8212;&#8212;&#8212;&#8212;&#8212;&#8212;&#8212;&#8212;&#8212;-<br \/>Boas compras!<br \/>&#8211; Enviamos sua compra em at\u00e9 24hrs.<br \/>&#8211; Compras confirmadas aos finais de semana e feriados ser\u00e3o postadas no pr\u00f3ximo dia \u00fatil.<br \/>&#8211; Caso tenha interesse em outros modelos ou outras quantidades entrar em contato com vendedor.<br \/>Pois temos uma grande variedade de produtos.<br \/>&#8212;&#8212;&#8212;&#8212;&#8212;&#8212;&#8212;&#8212;&#8212;&#8212;&#8212;&#8212;&#8212;&#8212;&#8212;&#8212;&#8212;&#8212;&#8212;-<br \/>DESCRI\u00c7\u00c3O DO PRODUTO ANUNCIADO<br \/>1 PE\u00c7A: REPARO DIAFRAGMA PARA V\u00c1LVULAS SOLENOIDE 2\/2 VIAS ROSCAS 1\/2 COMPLETO COM TORRE E MOLA.<br \/>ESPA<br \/>O MESMO SERVE PARA VALVULAS: REPARO DIAFRAGMA PARA V\u00c1LVULAS SOLENOIDE 2\/2 VIAS ROSCAS 3\/8 ; 1\/2 OU 3\/4 &#8220;<\/p>\n<p>* MATERIAL: BORRACHA VITON at\u00e9 150 graus<br \/>* COMPAT\u00cdVEL COM V\u00c1LVULAS EM LAT\u00c3O \/ A\u00c7O INOX<br \/>* ESPA\u00c7O ENTRE FUROS: 37MM<br \/>&#8212;&#8212;&#8212;&#8212;&#8212;&#8212;&#8212;&#8212;&#8212;&#8212;&#8212;&#8212;&#8212;&#8212;&#8212;&#8212;&#8212;&#8212;&#8212;&#8212;&#8212;&#8212;&#8212;&#8212;&#8212;&#8212;&#8212;&#8212;-<br \/>&#8212;&#8212;&#8212;&#8212;&#8212;&#8212;&#8212;&#8212;&#8212;&#8212;&#8212;&#8212;&#8212;&#8212;&#8212;&#8212;&#8212;&#8212;&#8212;&#8212;&#8212;&#8212;&#8212;&#8212;&#8212;&#8212;&#8212;&#8212;-<br \/>A Lab Automa\u00e7\u00e3o agradece sua visita.<br \/>&#8212;&#8212;&#8212;&#8212;&#8212;&#8212;&#8212;&#8212;&#8212;&#8212;&#8212;&#8212;&#8212;&#8212;&#8212;&#8212;&#8212;&#8212;&#8212;&#8212;&#8212;&#8211;<br \/>Caso tenha interesse em outros modelos ou outras quantidades entrar em contato com vendedor.<br \/>Pois temos uma grande variedade de produtos.<\/p>\n","protected":false},"excerpt":{"rendered":"<p>Seja Bem-Vindo (a) Lab Automa\u00e7\u00e3oTEMOS LOJA FIS\u00cdCA&#8212;&#8212;&#8212;&#8212;&#8212;&#8212;&#8212;&#8212;&#8212;&#8212;&#8212;&#8212;&#8212;&#8212;&#8212;&#8212;&#8212;&#8212;&#8212;-Boas compras!&#8211; Enviamos sua compra em at\u00e9 24hrs.&#8211; Compras confirmadas aos finais de semana e feriados ser\u00e3o postadas no pr\u00f3ximo dia \u00fatil.&#8211; Caso tenha interesse em outros modelos ou outras quantidades entrar em contato com vendedor.Pois temos uma grande variedade de produtos.&#8212;&#8212;&#8212;&#8212;&#8212;&#8212;&#8212;&#8212;&#8212;&#8212;&#8212;&#8212;&#8212;&#8212;&#8212;&#8212;&#8212;&#8212;&#8212;-DESCRI\u00c7\u00c3O DO PRODUTO ANUNCIADO1 PE\u00c7A: REPARO DIAFRAGMA PARA [&hellip;]<\/p>\n","protected":false},"featured_media":31238,"comment_status":"open","ping_status":"closed","template":"","meta":[],"product_brand":[],"product_cat":[15],"product_tag":[],"class_list":{"0":"post-31239","1":"product","2":"type-product","3":"status-publish","4":"has-post-thumbnail","6":"product_cat-geral","8":"entry","9":"has-media","11":"first","12":"instock","13":"taxable","14":"shipping-taxable","15":"product-type-simple","16":"add-to-wishlist-before_image","17":"has-product-nav","18":"col","19":"span_1_of_4","20":"owp-content-center","21":"owp-thumbs-layout-horizontal","22":"owp-btn-normal","23":"owp-tabs-layout-horizontal","24":"has-no-thumbnails"},"composite_virtual":false,"composite_layout":"","composite_add_to_cart_form_location":"","composite_editable_in_cart":false,"composite_sold_individually_context":"","composite_shop_price_calc":"","composite_components":[],"composite_scenarios":[],"_links":{"self":[{"href":"https:\/\/labs.sheikeco.com.br\/labautomacao\/wp-json\/wp\/v2\/product\/31239","targetHints":{"allow":["GET"]}}],"collection":[{"href":"https:\/\/labs.sheikeco.com.br\/labautomacao\/wp-json\/wp\/v2\/product"}],"about":[{"href":"https:\/\/labs.sheikeco.com.br\/labautomacao\/wp-json\/wp\/v2\/types\/product"}],"replies":[{"embeddable":true,"href":"https:\/\/labs.sheikeco.com.br\/labautomacao\/wp-json\/wp\/v2\/comments?post=31239"}],"wp:featuredmedia":[{"embeddable":true,"href":"https:\/\/labs.sheikeco.com.br\/labautomacao\/wp-json\/wp\/v2\/media\/31238"}],"wp:attachment":[{"href":"https:\/\/labs.sheikeco.com.br\/labautomacao\/wp-json\/wp\/v2\/media?parent=31239"}],"wp:term":[{"taxonomy":"product_brand","embeddable":true,"href":"https:\/\/labs.sheikeco.com.br\/labautomacao\/wp-json\/wp\/v2\/product_brand?post=31239"},{"taxonomy":"product_cat","embeddable":true,"href":"https:\/\/labs.sheikeco.com.br\/labautomacao\/wp-json\/wp\/v2\/product_cat?post=31239"},{"taxonomy":"product_tag","embeddable":true,"href":"https:\/\/labs.sheikeco.com.br\/labautomacao\/wp-json\/wp\/v2\/product_tag?post=31239"}],"curies":[{"name":"wp","href":"https:\/\/api.w.org\/{rel}","templated":true}]}}