{"id":31080,"date":"2026-04-09T17:20:20","date_gmt":"2026-04-09T20:20:20","guid":{"rendered":"https:\/\/labs.sheikeco.com.br\/labautomacao\/produto\/manometro-vertical-diametro-40mm-rosca-de-1-8-de-0-a-25-bar-aplicacao-o-manometro-ar-comprimido-normalmente-e-apli\/"},"modified":"2026-05-04T06:53:17","modified_gmt":"2026-05-04T09:53:17","slug":"manometro-vertical-diametro-40mm-rosca-de-1-8-de-0-a-25-bar-aplicacao-o-manometro-ar-comprimido-normalmente-e-apli","status":"publish","type":"product","link":"https:\/\/labs.sheikeco.com.br\/labautomacao\/produto\/manometro-vertical-diametro-40mm-rosca-de-1-8-de-0-a-25-bar-aplicacao-o-manometro-ar-comprimido-normalmente-e-apli\/","title":{"rendered":"MANOMETRO VERTICAL DIAMETRO 40MM  ROSCA DE 1\/8 &#8211; DE 0 A 25 BAR &#8211; APLICA\u00c7\u00c3O: O MAN\u00d4METRO AR COMPRIMIDO NORMALMENTE \u00c9 APLI"},"content":{"rendered":"","protected":false},"excerpt":{"rendered":"","protected":false},"featured_media":0,"comment_status":"open","ping_status":"closed","template":"","meta":[],"product_brand":[],"product_cat":[15],"product_tag":[],"class_list":{"0":"post-31080","1":"product","2":"type-product","3":"status-publish","5":"product_cat-geral","7":"entry","9":"first","10":"outofstock","11":"taxable","12":"shipping-taxable","13":"product-type-simple","14":"add-to-wishlist-before_image","15":"has-product-nav","16":"col","17":"span_1_of_4","18":"owp-content-center","19":"owp-thumbs-layout-horizontal","20":"owp-btn-normal","21":"owp-tabs-layout-horizontal","22":"has-no-thumbnails"},"composite_virtual":false,"composite_layout":"","composite_add_to_cart_form_location":"","composite_editable_in_cart":false,"composite_sold_individually_context":"","composite_shop_price_calc":"","composite_components":[],"composite_scenarios":[],"_links":{"self":[{"href":"https:\/\/labs.sheikeco.com.br\/labautomacao\/wp-json\/wp\/v2\/product\/31080","targetHints":{"allow":["GET"]}}],"collection":[{"href":"https:\/\/labs.sheikeco.com.br\/labautomacao\/wp-json\/wp\/v2\/product"}],"about":[{"href":"https:\/\/labs.sheikeco.com.br\/labautomacao\/wp-json\/wp\/v2\/types\/product"}],"replies":[{"embeddable":true,"href":"https:\/\/labs.sheikeco.com.br\/labautomacao\/wp-json\/wp\/v2\/comments?post=31080"}],"wp:attachment":[{"href":"https:\/\/labs.sheikeco.com.br\/labautomacao\/wp-json\/wp\/v2\/media?parent=31080"}],"wp:term":[{"taxonomy":"product_brand","embeddable":true,"href":"https:\/\/labs.sheikeco.com.br\/labautomacao\/wp-json\/wp\/v2\/product_brand?post=31080"},{"taxonomy":"product_cat","embeddable":true,"href":"https:\/\/labs.sheikeco.com.br\/labautomacao\/wp-json\/wp\/v2\/product_cat?post=31080"},{"taxonomy":"product_tag","embeddable":true,"href":"https:\/\/labs.sheikeco.com.br\/labautomacao\/wp-json\/wp\/v2\/product_tag?post=31080"}],"curies":[{"name":"wp","href":"https:\/\/api.w.org\/{rel}","templated":true}]}}