{"id":26761,"date":"2026-03-30T09:55:27","date_gmt":"2026-03-30T12:55:27","guid":{"rendered":"https:\/\/labs.sheikeco.com.br\/labautomacao\/produto\/art-femea-iso-6431-32mm\/"},"modified":"2026-05-04T06:48:20","modified_gmt":"2026-05-04T09:48:20","slug":"art-femea-iso-6431-32mm","status":"publish","type":"product","link":"https:\/\/labs.sheikeco.com.br\/labautomacao\/produto\/art-femea-iso-6431-32mm\/","title":{"rendered":"Articula\u00e7\u00e3o traseira f\u00eamea p\/ cilindro pneum\u00e1tico iso \u00f8 32mm"},"content":{"rendered":"","protected":false},"excerpt":{"rendered":"","protected":false},"featured_media":13665,"comment_status":"open","ping_status":"closed","template":"","meta":[],"product_brand":[],"product_cat":[495],"product_tag":[],"class_list":{"0":"post-26761","1":"product","2":"type-product","3":"status-publish","4":"has-post-thumbnail","6":"product_cat-acessorios-para-cilindros-iso","8":"entry","9":"has-media","11":"first","12":"outofstock","13":"taxable","14":"shipping-taxable","15":"product-type-simple","16":"add-to-wishlist-before_image","17":"has-product-nav","18":"col","19":"span_1_of_4","20":"owp-content-center","21":"owp-thumbs-layout-horizontal","22":"owp-btn-normal","23":"owp-tabs-layout-horizontal","24":"has-no-thumbnails"},"composite_virtual":false,"composite_layout":"","composite_add_to_cart_form_location":"","composite_editable_in_cart":false,"composite_sold_individually_context":"","composite_shop_price_calc":"","composite_components":[],"composite_scenarios":[],"_links":{"self":[{"href":"https:\/\/labs.sheikeco.com.br\/labautomacao\/wp-json\/wp\/v2\/product\/26761","targetHints":{"allow":["GET"]}}],"collection":[{"href":"https:\/\/labs.sheikeco.com.br\/labautomacao\/wp-json\/wp\/v2\/product"}],"about":[{"href":"https:\/\/labs.sheikeco.com.br\/labautomacao\/wp-json\/wp\/v2\/types\/product"}],"replies":[{"embeddable":true,"href":"https:\/\/labs.sheikeco.com.br\/labautomacao\/wp-json\/wp\/v2\/comments?post=26761"}],"wp:featuredmedia":[{"embeddable":true,"href":"https:\/\/labs.sheikeco.com.br\/labautomacao\/wp-json\/wp\/v2\/media\/13665"}],"wp:attachment":[{"href":"https:\/\/labs.sheikeco.com.br\/labautomacao\/wp-json\/wp\/v2\/media?parent=26761"}],"wp:term":[{"taxonomy":"product_brand","embeddable":true,"href":"https:\/\/labs.sheikeco.com.br\/labautomacao\/wp-json\/wp\/v2\/product_brand?post=26761"},{"taxonomy":"product_cat","embeddable":true,"href":"https:\/\/labs.sheikeco.com.br\/labautomacao\/wp-json\/wp\/v2\/product_cat?post=26761"},{"taxonomy":"product_tag","embeddable":true,"href":"https:\/\/labs.sheikeco.com.br\/labautomacao\/wp-json\/wp\/v2\/product_tag?post=26761"}],"curies":[{"name":"wp","href":"https:\/\/api.w.org\/{rel}","templated":true}]}}