{"id":375,"date":"2025-03-13T18:54:05","date_gmt":"2025-03-13T18:54:05","guid":{"rendered":"https:\/\/labs.sheikeco.com.br\/Plasmold\/?post_type=product&#038;p=375"},"modified":"2025-03-13T18:54:32","modified_gmt":"2025-03-13T18:54:32","slug":"copos-in-mold-label","status":"publish","type":"product","link":"https:\/\/labs.sheikeco.com.br\/Plasmold\/produto\/copos-in-mold-label\/","title":{"rendered":"COPOS IN MOLD LABEL"},"content":{"rendered":"<p>Caracter\u00edsticas:<\/p>\n<ul>\n<li>Fabricado em polipropileno P.P;<\/li>\n<li>At\u00f3xico, inodoro, Bpa Free;<\/li>\n<li>100% reutiliz\u00e1vel;<\/li>\n<li>Alta durabilidade.<\/li>\n<\/ul>\n<p>Capacidades:<\/p>\n<ul>\n<li>350 mL<\/li>\n<li>400 mL<\/li>\n<li>550 mL<\/li>\n<li>1 L<\/li>\n<\/ul>\n<p>Dicas:<\/p>\n<ul>\n<li>Ideal para personalizar em diversas cores e logos 360\u00b0 em alta resolu\u00e7\u00e3o.<\/li>\n<\/ul>\n<p>Quantidade m\u00ednima:<\/p>\n<ul>\n<li>1.000 unidades.<\/li>\n<\/ul>\n","protected":false},"excerpt":{"rendered":"<p><span style=\"color: #99cc00;\">Os Copos in mold label personalizado 360\u00b0 \u00e9 uma excelente op\u00e7\u00e3o para projetos onde \u00e9 necess\u00e1rio rotular marcas em alta resolu\u00e7\u00e3o com infinitos logos e cores em um \u00fanico per\u00edmetro, sendo<span style=\"text-align: left; text-transform: none; text-indent: 0px; letter-spacing: normal; font-family: 'Open Sans', Arial, sans-serif; font-size: 14px; font-style: normal; font-variant: normal; font-weight: 500; text-decoration: none; word-spacing: 0px; float: none; white-space: normal; cursor: text; orphans: 2; background-color: #ffffff; -webkit-text-stroke-width: 0px; display: inline !important;\"> ideal para seriar kits de bags e packs promocional.<\/span><\/span><\/p>\n","protected":false},"featured_media":510,"comment_status":"closed","ping_status":"closed","template":"","meta":[],"product_brand":[],"product_cat":[26,28,29],"product_tag":[],"class_list":{"0":"post-375","1":"product","2":"type-product","3":"status-publish","4":"has-post-thumbnail","6":"product_cat-decorar","7":"product_cat-organizar","8":"product_cat-servir","10":"entry","11":"has-media","13":"first","14":"instock","15":"shipping-taxable","16":"product-type-simple","17":"has-product-nav","18":"col","19":"span_1_of_3","20":"owp-content-center","21":"owp-thumbs-layout-horizontal","22":"owp-btn-normal","23":"owp-tabs-layout-horizontal","24":"has-no-thumbnails"},"_links":{"self":[{"href":"https:\/\/labs.sheikeco.com.br\/Plasmold\/wp-json\/wp\/v2\/product\/375","targetHints":{"allow":["GET"]}}],"collection":[{"href":"https:\/\/labs.sheikeco.com.br\/Plasmold\/wp-json\/wp\/v2\/product"}],"about":[{"href":"https:\/\/labs.sheikeco.com.br\/Plasmold\/wp-json\/wp\/v2\/types\/product"}],"replies":[{"embeddable":true,"href":"https:\/\/labs.sheikeco.com.br\/Plasmold\/wp-json\/wp\/v2\/comments?post=375"}],"wp:featuredmedia":[{"embeddable":true,"href":"https:\/\/labs.sheikeco.com.br\/Plasmold\/wp-json\/wp\/v2\/media\/510"}],"wp:attachment":[{"href":"https:\/\/labs.sheikeco.com.br\/Plasmold\/wp-json\/wp\/v2\/media?parent=375"}],"wp:term":[{"taxonomy":"product_brand","embeddable":true,"href":"https:\/\/labs.sheikeco.com.br\/Plasmold\/wp-json\/wp\/v2\/product_brand?post=375"},{"taxonomy":"product_cat","embeddable":true,"href":"https:\/\/labs.sheikeco.com.br\/Plasmold\/wp-json\/wp\/v2\/product_cat?post=375"},{"taxonomy":"product_tag","embeddable":true,"href":"https:\/\/labs.sheikeco.com.br\/Plasmold\/wp-json\/wp\/v2\/product_tag?post=375"}],"curies":[{"name":"wp","href":"https:\/\/api.w.org\/{rel}","templated":true}]}}