{"id":363,"date":"2025-03-13T18:54:05","date_gmt":"2025-03-13T18:54:05","guid":{"rendered":"https:\/\/labs.sheikeco.com.br\/Plasmold\/?post_type=product&#038;p=363"},"modified":"2025-03-13T18:54:17","modified_gmt":"2025-03-13T18:54:17","slug":"dosador","status":"publish","type":"product","link":"https:\/\/labs.sheikeco.com.br\/Plasmold\/produto\/dosador\/","title":{"rendered":"DOSADOR"},"content":{"rendered":"<p>Caracter\u00edsticas:<\/p>\n<ul>\n<li>Fabricado em poliestireno P.S Cristal;<\/li>\n<li>Produto em pl\u00e1stico n\u00e3o descart\u00e1vel;<\/li>\n<li>At\u00f3xico, inodoro;<\/li>\n<li>Alta durabilidade.<\/li>\n<\/ul>\n<p>Capacidade:<\/p>\n<ul>\n<li>Recipiente maior 60 mL.<\/li>\n<li>Recipiente menor 30 mL.<\/li>\n<\/ul>\n<p>Conte\u00fado da embalagem:<\/p>\n<ul>\n<li>100 unidades.<\/li>\n<\/ul>\n<p>Dicas:<\/p>\n<ul>\n<li>\u00a0Ideal para personalizar em Tampografia e Serigrafia.<\/li>\n<\/ul>\n","protected":false},"excerpt":{"rendered":"<p>O Dosador Jigger \u00e9 um medidor duplo com gradua\u00e7\u00e3o na face externa fundamental para a Mixologia e Bartenders.<\/p>\n<p>Este modelo de medidor al\u00e9m de ter o melhor custo-benef\u00edcio, \u00e9 tamb\u00e9m pr\u00e1tico e f\u00e1cil de limpar sendo um modelo ideal para kits e packs promocional possibilitando a personaliza\u00e7\u00e3o no seu verso aumentando a divulga\u00e7\u00e3o e a identidade de sua marca.<\/p>\n","protected":false},"featured_media":434,"comment_status":"closed","ping_status":"closed","template":"","meta":[],"product_brand":[],"product_cat":[26,21,29],"product_tag":[],"class_list":{"0":"post-363","1":"product","2":"type-product","3":"status-publish","4":"has-post-thumbnail","6":"product_cat-decorar","7":"product_cat-mais-procurados","8":"product_cat-servir","10":"entry","11":"has-media","13":"first","14":"instock","15":"shipping-taxable","16":"product-type-simple","17":"has-product-nav","18":"col","19":"span_1_of_3","20":"owp-content-center","21":"owp-thumbs-layout-horizontal","22":"owp-btn-normal","23":"owp-tabs-layout-horizontal"},"_links":{"self":[{"href":"https:\/\/labs.sheikeco.com.br\/Plasmold\/wp-json\/wp\/v2\/product\/363","targetHints":{"allow":["GET"]}}],"collection":[{"href":"https:\/\/labs.sheikeco.com.br\/Plasmold\/wp-json\/wp\/v2\/product"}],"about":[{"href":"https:\/\/labs.sheikeco.com.br\/Plasmold\/wp-json\/wp\/v2\/types\/product"}],"replies":[{"embeddable":true,"href":"https:\/\/labs.sheikeco.com.br\/Plasmold\/wp-json\/wp\/v2\/comments?post=363"}],"wp:featuredmedia":[{"embeddable":true,"href":"https:\/\/labs.sheikeco.com.br\/Plasmold\/wp-json\/wp\/v2\/media\/434"}],"wp:attachment":[{"href":"https:\/\/labs.sheikeco.com.br\/Plasmold\/wp-json\/wp\/v2\/media?parent=363"}],"wp:term":[{"taxonomy":"product_brand","embeddable":true,"href":"https:\/\/labs.sheikeco.com.br\/Plasmold\/wp-json\/wp\/v2\/product_brand?post=363"},{"taxonomy":"product_cat","embeddable":true,"href":"https:\/\/labs.sheikeco.com.br\/Plasmold\/wp-json\/wp\/v2\/product_cat?post=363"},{"taxonomy":"product_tag","embeddable":true,"href":"https:\/\/labs.sheikeco.com.br\/Plasmold\/wp-json\/wp\/v2\/product_tag?post=363"}],"curies":[{"name":"wp","href":"https:\/\/api.w.org\/{rel}","templated":true}]}}