{"id":259,"date":"2025-03-13T18:53:42","date_gmt":"2025-03-13T18:53:42","guid":{"rendered":"https:\/\/labs.sheikeco.com.br\/Plasmold\/?post_type=product&#038;p=259"},"modified":"2025-03-13T18:54:12","modified_gmt":"2025-03-13T18:54:12","slug":"taca-charming","status":"publish","type":"product","link":"https:\/\/labs.sheikeco.com.br\/Plasmold\/produto\/taca-charming\/","title":{"rendered":"TA\u00c7A CHARMING"},"content":{"rendered":"<p>Caracter\u00edsticas:<\/p>\n<ul>\n<li>Fabricado em poliestireno P.S Cristal;<\/li>\n<li>Produto em pl\u00e1stico n\u00e3o descart\u00e1vel;<\/li>\n<li>At\u00f3xico, inodoro;<\/li>\n<li>Alta durabilidade.<\/li>\n<\/ul>\n<p>Capacidade:<\/p>\n<ul>\n<li>160 mL.<\/li>\n<\/ul>\n<p>Conte\u00fado da embalagem:<\/p>\n<ul>\n<li>100 unidades.<\/li>\n<\/ul>\n<p>Dicas:<\/p>\n<ul>\n<li>\u00a0Ideal para personalizar com adesivos ou grava\u00e7\u00e3o em Silk screen, Heat transfer, Hot Stamping, dentre outros.<\/li>\n<\/ul>\n","protected":false},"excerpt":{"rendered":"<p>\u00c9 uma excelente op\u00e7\u00e3o de Ta\u00e7a para servir Champanhe. Fabricado com material em alto brilho \u00e9 ideal para personalizar e evidenciar sua marca.<\/p>\n","protected":false},"featured_media":412,"comment_status":"closed","ping_status":"closed","template":"","meta":[],"product_brand":[],"product_cat":[26,28,29],"product_tag":[],"class_list":{"0":"post-259","1":"product","2":"type-product","3":"status-publish","4":"has-post-thumbnail","6":"product_cat-decorar","7":"product_cat-organizar","8":"product_cat-servir","10":"entry","11":"has-media","13":"first","14":"instock","15":"shipping-taxable","16":"product-type-simple","17":"has-product-nav","18":"col","19":"span_1_of_3","20":"owp-content-center","21":"owp-thumbs-layout-horizontal","22":"owp-btn-normal","23":"owp-tabs-layout-horizontal","24":"has-no-thumbnails"},"_links":{"self":[{"href":"https:\/\/labs.sheikeco.com.br\/Plasmold\/wp-json\/wp\/v2\/product\/259","targetHints":{"allow":["GET"]}}],"collection":[{"href":"https:\/\/labs.sheikeco.com.br\/Plasmold\/wp-json\/wp\/v2\/product"}],"about":[{"href":"https:\/\/labs.sheikeco.com.br\/Plasmold\/wp-json\/wp\/v2\/types\/product"}],"replies":[{"embeddable":true,"href":"https:\/\/labs.sheikeco.com.br\/Plasmold\/wp-json\/wp\/v2\/comments?post=259"}],"wp:featuredmedia":[{"embeddable":true,"href":"https:\/\/labs.sheikeco.com.br\/Plasmold\/wp-json\/wp\/v2\/media\/412"}],"wp:attachment":[{"href":"https:\/\/labs.sheikeco.com.br\/Plasmold\/wp-json\/wp\/v2\/media?parent=259"}],"wp:term":[{"taxonomy":"product_brand","embeddable":true,"href":"https:\/\/labs.sheikeco.com.br\/Plasmold\/wp-json\/wp\/v2\/product_brand?post=259"},{"taxonomy":"product_cat","embeddable":true,"href":"https:\/\/labs.sheikeco.com.br\/Plasmold\/wp-json\/wp\/v2\/product_cat?post=259"},{"taxonomy":"product_tag","embeddable":true,"href":"https:\/\/labs.sheikeco.com.br\/Plasmold\/wp-json\/wp\/v2\/product_tag?post=259"}],"curies":[{"name":"wp","href":"https:\/\/api.w.org\/{rel}","templated":true}]}}