{"id":255,"date":"2025-03-13T18:53:42","date_gmt":"2025-03-13T18:53:42","guid":{"rendered":"https:\/\/labs.sheikeco.com.br\/Plasmold\/?post_type=product&#038;p=255"},"modified":"2025-03-13T18:54:10","modified_gmt":"2025-03-13T18:54:10","slug":"organizador-de-gavetas-things","status":"publish","type":"product","link":"https:\/\/labs.sheikeco.com.br\/Plasmold\/produto\/organizador-de-gavetas-things\/","title":{"rendered":"ORGANIZADOR DE GAVETAS THINGS"},"content":{"rendered":"<p>Caracter\u00edsticas:<\/p>\n<ul>\n<li>Fabricado em polipropileno P.P;<\/li>\n<li>Produto em pl\u00e1stico n\u00e3o descart\u00e1vel;<\/li>\n<li>Alta durabilidade.<\/li>\n<\/ul>\n<p>Capacidade:<\/p>\n<ul>\n<li><span class=\"st\">32 compartimentos.<\/span><\/li>\n<\/ul>\n<p>Conte\u00fado da embalagem:<\/p>\n<ul>\n<li>12 kit ( <span class=\"st\">8 tiras que formam 32 compartimentos<\/span>)<\/li>\n<\/ul>\n<p>Dimens\u00f5es:<\/p>\n<p>45 cm (Profundidade)<br \/>\n36 cm (Largura)<br \/>\n7 cm (Altura)<\/p>\n<p>Dicas:<br \/>\n\u2022 Ideal para organizar roupas e objetos em geral de gavetas de Homens, Mulheres e crian\u00e7as.<\/p>\n","protected":false},"excerpt":{"rendered":"<p>Agora ficou muito f\u00e1cil e pr\u00e1tico manter suas gavetas e arm\u00e1rios organizados. Com a colm\u00e9ia voc\u00ea organiza seus objetos pessoais e diminui o espa\u00e7o ocupado por eles. <span lang=\"PT\">Perfeito para guardar meias, roupas \u00edntimas, cintos, len\u00e7os, tops, biqu\u00ednis, gravatas e muito mais!<\/span><\/p>\n<p>Fabricado em termopl\u00e1stico amorfo resistente e flex\u00edvel o Organizador de gavetas Things \u00e9 adapt\u00e1vel a todos os tamanhos de gavetas.Gavetas bagun\u00e7adas, nunca mais!<\/p>\n","protected":false},"featured_media":408,"comment_status":"closed","ping_status":"closed","template":"","meta":[],"product_brand":[],"product_cat":[26,28,29],"product_tag":[],"class_list":{"0":"post-255","1":"product","2":"type-product","3":"status-publish","4":"has-post-thumbnail","6":"product_cat-decorar","7":"product_cat-organizar","8":"product_cat-servir","10":"entry","11":"has-media","13":"first","14":"instock","15":"shipping-taxable","16":"product-type-simple","17":"has-product-nav","18":"col","19":"span_1_of_3","20":"owp-content-center","21":"owp-thumbs-layout-horizontal","22":"owp-btn-normal","23":"owp-tabs-layout-horizontal","24":"has-no-thumbnails"},"_links":{"self":[{"href":"https:\/\/labs.sheikeco.com.br\/Plasmold\/wp-json\/wp\/v2\/product\/255","targetHints":{"allow":["GET"]}}],"collection":[{"href":"https:\/\/labs.sheikeco.com.br\/Plasmold\/wp-json\/wp\/v2\/product"}],"about":[{"href":"https:\/\/labs.sheikeco.com.br\/Plasmold\/wp-json\/wp\/v2\/types\/product"}],"replies":[{"embeddable":true,"href":"https:\/\/labs.sheikeco.com.br\/Plasmold\/wp-json\/wp\/v2\/comments?post=255"}],"wp:featuredmedia":[{"embeddable":true,"href":"https:\/\/labs.sheikeco.com.br\/Plasmold\/wp-json\/wp\/v2\/media\/408"}],"wp:attachment":[{"href":"https:\/\/labs.sheikeco.com.br\/Plasmold\/wp-json\/wp\/v2\/media?parent=255"}],"wp:term":[{"taxonomy":"product_brand","embeddable":true,"href":"https:\/\/labs.sheikeco.com.br\/Plasmold\/wp-json\/wp\/v2\/product_brand?post=255"},{"taxonomy":"product_cat","embeddable":true,"href":"https:\/\/labs.sheikeco.com.br\/Plasmold\/wp-json\/wp\/v2\/product_cat?post=255"},{"taxonomy":"product_tag","embeddable":true,"href":"https:\/\/labs.sheikeco.com.br\/Plasmold\/wp-json\/wp\/v2\/product_tag?post=255"}],"curies":[{"name":"wp","href":"https:\/\/api.w.org\/{rel}","templated":true}]}}