{"id":251,"date":"2025-03-13T18:53:41","date_gmt":"2025-03-13T18:53:41","guid":{"rendered":"https:\/\/labs.sheikeco.com.br\/Plasmold\/?post_type=product&#038;p=251"},"modified":"2025-03-13T18:54:00","modified_gmt":"2025-03-13T18:54:00","slug":"taca-london","status":"publish","type":"product","link":"https:\/\/labs.sheikeco.com.br\/Plasmold\/produto\/taca-london\/","title":{"rendered":"TA\u00c7A LONDON"},"content":{"rendered":"<p>Caracter\u00edsticas:<\/p>\n<ul>\n<li>Fabricado em poliestireno P.S Cristal;<\/li>\n<li>Produto em pl\u00e1stico n\u00e3o descart\u00e1vel;<\/li>\n<li>At\u00f3xico, inodoro;<\/li>\n<li>Alta durabilidade.<\/li>\n<\/ul>\n<p>Capacidade:<\/p>\n<ul>\n<li>570\u00a0mL.<\/li>\n<\/ul>\n<p>Conte\u00fado da embalagem:<\/p>\n<ul>\n<li>50 unidades.<\/li>\n<\/ul>\n<p>Dicas:<\/p>\n<ul>\n<li>\u00a0Ideal para personalizar com adesivos ou grava\u00e7\u00e3o em Silk screen, Tampografia, Hot Stamping, dentre outros.<\/li>\n<\/ul>\n","protected":false},"excerpt":{"rendered":"<p>\u00c9 um modelo \u00fanico e exclusivo sendo uma excelente op\u00e7\u00e3o para servir drinques de Gin T\u00f4nica, Sumo de Frutas e bebidas em geral.<\/p>\n<p>Seu formato \u00e9 a pioneira fabricado com material cristalino e, sua transpar\u00eancia em alto brilho \u00e9 ideal para personalizar e evidenciar sua marca em grande estilo.<\/p>\n","protected":false},"featured_media":340,"comment_status":"closed","ping_status":"closed","template":"","meta":[],"product_brand":[],"product_cat":[26,23,28,29],"product_tag":[],"class_list":{"0":"post-251","1":"product","2":"type-product","3":"status-publish","4":"has-post-thumbnail","6":"product_cat-decorar","7":"product_cat-ofertas","8":"product_cat-organizar","9":"product_cat-servir","11":"entry","12":"has-media","14":"first","15":"instock","16":"featured","17":"shipping-taxable","18":"product-type-simple","19":"has-product-nav","20":"col","21":"span_1_of_3","22":"owp-content-center","23":"owp-thumbs-layout-horizontal","24":"owp-btn-normal","25":"owp-tabs-layout-horizontal"},"_links":{"self":[{"href":"https:\/\/labs.sheikeco.com.br\/Plasmold\/wp-json\/wp\/v2\/product\/251","targetHints":{"allow":["GET"]}}],"collection":[{"href":"https:\/\/labs.sheikeco.com.br\/Plasmold\/wp-json\/wp\/v2\/product"}],"about":[{"href":"https:\/\/labs.sheikeco.com.br\/Plasmold\/wp-json\/wp\/v2\/types\/product"}],"replies":[{"embeddable":true,"href":"https:\/\/labs.sheikeco.com.br\/Plasmold\/wp-json\/wp\/v2\/comments?post=251"}],"wp:featuredmedia":[{"embeddable":true,"href":"https:\/\/labs.sheikeco.com.br\/Plasmold\/wp-json\/wp\/v2\/media\/340"}],"wp:attachment":[{"href":"https:\/\/labs.sheikeco.com.br\/Plasmold\/wp-json\/wp\/v2\/media?parent=251"}],"wp:term":[{"taxonomy":"product_brand","embeddable":true,"href":"https:\/\/labs.sheikeco.com.br\/Plasmold\/wp-json\/wp\/v2\/product_brand?post=251"},{"taxonomy":"product_cat","embeddable":true,"href":"https:\/\/labs.sheikeco.com.br\/Plasmold\/wp-json\/wp\/v2\/product_cat?post=251"},{"taxonomy":"product_tag","embeddable":true,"href":"https:\/\/labs.sheikeco.com.br\/Plasmold\/wp-json\/wp\/v2\/product_tag?post=251"}],"curies":[{"name":"wp","href":"https:\/\/api.w.org\/{rel}","templated":true}]}}