{"id":243,"date":"2025-03-13T18:53:41","date_gmt":"2025-03-13T18:53:41","guid":{"rendered":"https:\/\/labs.sheikeco.com.br\/Plasmold\/?post_type=product&#038;p=243"},"modified":"2025-03-13T18:53:57","modified_gmt":"2025-03-13T18:53:57","slug":"copo-drink","status":"publish","type":"product","link":"https:\/\/labs.sheikeco.com.br\/Plasmold\/produto\/copo-drink\/","title":{"rendered":"COPO DRINK"},"content":{"rendered":"<p>Caracter\u00edsticas:<\/p>\n<ul>\n<li>Fabricado em poliestireno P.S Cristal;<\/li>\n<li>Produto em pl\u00e1stico n\u00e3o descart\u00e1vel;<\/li>\n<li>At\u00f3xico, inodoro e t\u00e9rmico;<\/li>\n<li>Alta durabilidade.<\/li>\n<\/ul>\n<p>Capacidade:<\/p>\n<ul>\n<li>\u00a0400 mL.<\/li>\n<\/ul>\n<p>Conte\u00fado da embalagem:<\/p>\n<ul>\n<li>100 unidades.<\/li>\n<\/ul>\n<p>Dicas:<\/p>\n<ul>\n<li>\u00a0Ideal para personalizar com adesivos ou grava\u00e7\u00e3o em Silk screen, Heat transfer, Hot Stamping, dentre outros.<\/li>\n<\/ul>\n","protected":false},"excerpt":{"rendered":"<p>O\u00a0Copo\u00a0Drink \u00e9 uma excelente op\u00e7\u00e3o\u00a0para servir drinques em geral.\u00a0Seu modelo\u00a0\u00e9 poss\u00edvel personalizar em toda sua superf\u00edcie.<\/p>\n<p>&nbsp;<\/p>\n","protected":false},"featured_media":332,"comment_status":"closed","ping_status":"closed","template":"","meta":[],"product_brand":[],"product_cat":[26,21,28,29],"product_tag":[],"class_list":{"0":"post-243","1":"product","2":"type-product","3":"status-publish","4":"has-post-thumbnail","6":"product_cat-decorar","7":"product_cat-mais-procurados","8":"product_cat-organizar","9":"product_cat-servir","11":"entry","12":"has-media","14":"first","15":"instock","16":"shipping-taxable","17":"product-type-simple","18":"has-product-nav","19":"col","20":"span_1_of_3","21":"owp-content-center","22":"owp-thumbs-layout-horizontal","23":"owp-btn-normal","24":"owp-tabs-layout-horizontal","25":"has-no-thumbnails"},"_links":{"self":[{"href":"https:\/\/labs.sheikeco.com.br\/Plasmold\/wp-json\/wp\/v2\/product\/243","targetHints":{"allow":["GET"]}}],"collection":[{"href":"https:\/\/labs.sheikeco.com.br\/Plasmold\/wp-json\/wp\/v2\/product"}],"about":[{"href":"https:\/\/labs.sheikeco.com.br\/Plasmold\/wp-json\/wp\/v2\/types\/product"}],"replies":[{"embeddable":true,"href":"https:\/\/labs.sheikeco.com.br\/Plasmold\/wp-json\/wp\/v2\/comments?post=243"}],"wp:featuredmedia":[{"embeddable":true,"href":"https:\/\/labs.sheikeco.com.br\/Plasmold\/wp-json\/wp\/v2\/media\/332"}],"wp:attachment":[{"href":"https:\/\/labs.sheikeco.com.br\/Plasmold\/wp-json\/wp\/v2\/media?parent=243"}],"wp:term":[{"taxonomy":"product_brand","embeddable":true,"href":"https:\/\/labs.sheikeco.com.br\/Plasmold\/wp-json\/wp\/v2\/product_brand?post=243"},{"taxonomy":"product_cat","embeddable":true,"href":"https:\/\/labs.sheikeco.com.br\/Plasmold\/wp-json\/wp\/v2\/product_cat?post=243"},{"taxonomy":"product_tag","embeddable":true,"href":"https:\/\/labs.sheikeco.com.br\/Plasmold\/wp-json\/wp\/v2\/product_tag?post=243"}],"curies":[{"name":"wp","href":"https:\/\/api.w.org\/{rel}","templated":true}]}}