{"id":197,"date":"2025-03-13T18:52:44","date_gmt":"2025-03-13T18:52:44","guid":{"rendered":"https:\/\/labs.sheikeco.com.br\/Plasmold\/?post_type=product&#038;p=197"},"modified":"2025-03-13T18:52:48","modified_gmt":"2025-03-13T18:52:48","slug":"caixa-de-tomada-mista","status":"publish","type":"product","link":"https:\/\/labs.sheikeco.com.br\/Plasmold\/produto\/caixa-de-tomada-mista\/","title":{"rendered":"CAIXA DE TOMADA MISTA"},"content":{"rendered":"<p><strong>Caracter\u00edsticas:<\/strong><\/p>\n<ul>\n<li>Moldura, anel de fixa\u00e7\u00e3o da tomada e tampa com acabamento em lat\u00e3o polido;<\/li>\n<li>Corpo fabricado\u00a0em poliamida 6 com 20 % de fibra de vidro;<\/li>\n<li>Suporta 1 tomada el\u00e9trica;<\/li>\n<li>Tomadas n\u00e3o inclusas.<\/li>\n<\/ul>\n<p><strong>Medidas:<\/strong><\/p>\n<ul>\n<li>\u00d8 2\u2033\u00a0mm x 38 mm.<\/li>\n<\/ul>\n","protected":false},"excerpt":{"rendered":"<p><strong>A caixa de tomada para duto de piso \u00e9 pr\u00e1tica e vers\u00e1til. Suporta tomada el\u00e9trica ou RJ 11\/45. Al\u00e9m disso, o acabamento \u00e9 fornecido em lat\u00e3o polido.<\/strong><\/p>\n","protected":false},"featured_media":213,"comment_status":"closed","ping_status":"closed","template":"","meta":[],"product_brand":[],"product_cat":[22,21,23],"product_tag":[],"class_list":{"0":"post-197","1":"product","2":"type-product","3":"status-publish","4":"has-post-thumbnail","6":"product_cat-duto-de-piso","7":"product_cat-mais-procurados","8":"product_cat-ofertas","10":"entry","11":"has-media","13":"first","14":"instock","15":"shipping-taxable","16":"product-type-simple","17":"has-product-nav","18":"col","19":"span_1_of_3","20":"owp-content-center","21":"owp-thumbs-layout-horizontal","22":"owp-btn-normal","23":"owp-tabs-layout-horizontal"},"_links":{"self":[{"href":"https:\/\/labs.sheikeco.com.br\/Plasmold\/wp-json\/wp\/v2\/product\/197","targetHints":{"allow":["GET"]}}],"collection":[{"href":"https:\/\/labs.sheikeco.com.br\/Plasmold\/wp-json\/wp\/v2\/product"}],"about":[{"href":"https:\/\/labs.sheikeco.com.br\/Plasmold\/wp-json\/wp\/v2\/types\/product"}],"replies":[{"embeddable":true,"href":"https:\/\/labs.sheikeco.com.br\/Plasmold\/wp-json\/wp\/v2\/comments?post=197"}],"wp:featuredmedia":[{"embeddable":true,"href":"https:\/\/labs.sheikeco.com.br\/Plasmold\/wp-json\/wp\/v2\/media\/213"}],"wp:attachment":[{"href":"https:\/\/labs.sheikeco.com.br\/Plasmold\/wp-json\/wp\/v2\/media?parent=197"}],"wp:term":[{"taxonomy":"product_brand","embeddable":true,"href":"https:\/\/labs.sheikeco.com.br\/Plasmold\/wp-json\/wp\/v2\/product_brand?post=197"},{"taxonomy":"product_cat","embeddable":true,"href":"https:\/\/labs.sheikeco.com.br\/Plasmold\/wp-json\/wp\/v2\/product_cat?post=197"},{"taxonomy":"product_tag","embeddable":true,"href":"https:\/\/labs.sheikeco.com.br\/Plasmold\/wp-json\/wp\/v2\/product_tag?post=197"}],"curies":[{"name":"wp","href":"https:\/\/api.w.org\/{rel}","templated":true}]}}