{"id":196,"date":"2025-03-13T18:52:44","date_gmt":"2025-03-13T18:52:44","guid":{"rendered":"https:\/\/labs.sheikeco.com.br\/Plasmold\/?post_type=product&#038;p=196"},"modified":"2025-03-13T18:52:47","modified_gmt":"2025-03-13T18:52:47","slug":"caixa-de-tomada-quadrada-com-rebaixo","status":"publish","type":"product","link":"https:\/\/labs.sheikeco.com.br\/Plasmold\/produto\/caixa-de-tomada-quadrada-com-rebaixo\/","title":{"rendered":"CAIXA DE TOMADA QUADRADA COM REBAIXO"},"content":{"rendered":"<p><strong>Caracter\u00edsticas:<\/strong><\/p>\n<ul>\n<li>Fabricado\u00a0em poliamida 6 com 20% de fibra de vidro;<\/li>\n<li>Suporta 4 tomadas el\u00e9tricas e 5 tomadas RJ 11\/45;<\/li>\n<li>Tampa com rebaixo basculante com cerdas protetiva;<\/li>\n<li>Incluso sapata para fixa\u00e7\u00e3o;<\/li>\n<li>Tomadas n\u00e3o inclusas.<\/li>\n<\/ul>\n<p><strong>Dimens\u00e3o do Produto:<\/strong><\/p>\n<ul>\n<li>160 mm x 160 mm x 80 mm.<\/li>\n<\/ul>\n","protected":false},"excerpt":{"rendered":"<p><strong>A caixa para piso elevado quadrada com rebaixo\u00a0\u00e9 pr\u00e1tica e vers\u00e1til. Possui entradas para eletrodutos e suporte de tomada para quatro pontos de energia e<span class=\"apple-converted-space\">\u00a0cinco\u00a0<\/span>de RJ 11\/45. Al\u00e9m disso, sua tampa com rebaixo permite a aplica\u00e7\u00e3o do revestimento igual ao da placa.<\/strong><\/p>\n","protected":false},"featured_media":211,"comment_status":"closed","ping_status":"closed","template":"","meta":[],"product_brand":[],"product_cat":[21,20],"product_tag":[],"class_list":{"0":"post-196","1":"product","2":"type-product","3":"status-publish","4":"has-post-thumbnail","6":"product_cat-mais-procurados","7":"product_cat-piso-elevado","9":"entry","10":"has-media","12":"first","13":"instock","14":"shipping-taxable","15":"product-type-simple","16":"has-product-nav","17":"col","18":"span_1_of_3","19":"owp-content-center","20":"owp-thumbs-layout-horizontal","21":"owp-btn-normal","22":"owp-tabs-layout-horizontal"},"_links":{"self":[{"href":"https:\/\/labs.sheikeco.com.br\/Plasmold\/wp-json\/wp\/v2\/product\/196","targetHints":{"allow":["GET"]}}],"collection":[{"href":"https:\/\/labs.sheikeco.com.br\/Plasmold\/wp-json\/wp\/v2\/product"}],"about":[{"href":"https:\/\/labs.sheikeco.com.br\/Plasmold\/wp-json\/wp\/v2\/types\/product"}],"replies":[{"embeddable":true,"href":"https:\/\/labs.sheikeco.com.br\/Plasmold\/wp-json\/wp\/v2\/comments?post=196"}],"wp:featuredmedia":[{"embeddable":true,"href":"https:\/\/labs.sheikeco.com.br\/Plasmold\/wp-json\/wp\/v2\/media\/211"}],"wp:attachment":[{"href":"https:\/\/labs.sheikeco.com.br\/Plasmold\/wp-json\/wp\/v2\/media?parent=196"}],"wp:term":[{"taxonomy":"product_brand","embeddable":true,"href":"https:\/\/labs.sheikeco.com.br\/Plasmold\/wp-json\/wp\/v2\/product_brand?post=196"},{"taxonomy":"product_cat","embeddable":true,"href":"https:\/\/labs.sheikeco.com.br\/Plasmold\/wp-json\/wp\/v2\/product_cat?post=196"},{"taxonomy":"product_tag","embeddable":true,"href":"https:\/\/labs.sheikeco.com.br\/Plasmold\/wp-json\/wp\/v2\/product_tag?post=196"}],"curies":[{"name":"wp","href":"https:\/\/api.w.org\/{rel}","templated":true}]}}