{"id":195,"date":"2025-03-13T18:52:44","date_gmt":"2025-03-13T18:52:44","guid":{"rendered":"https:\/\/labs.sheikeco.com.br\/Plasmold\/?post_type=product&#038;p=195"},"modified":"2025-03-13T18:52:46","modified_gmt":"2025-03-13T18:52:46","slug":"caixa-de-tomada-de-inox","status":"publish","type":"product","link":"https:\/\/labs.sheikeco.com.br\/Plasmold\/produto\/caixa-de-tomada-de-inox\/","title":{"rendered":"CAIXA DE TOMADA DE INOX"},"content":{"rendered":"<p><span style=\"color: #000000;\">Caracter\u00edsticas:<\/span><\/p>\n<ul>\n<li><span style=\"color: #000000;\">Moldura e tampa com acabamento em a\u00e7o inox escovado 430;<\/span><\/li>\n<li><span style=\"color: #000000;\">Corpo fabricado\u00a0em poliamida 6 com 20% de fibra de vidro;<\/span><\/li>\n<li><span style=\"color: #000000;\">Suporta 3 tomadas el\u00e9tricas e 4 tomadas RJ 11\/45;<\/span><\/li>\n<li><span style=\"color: #000000;\">Incluso sapata para fixa\u00e7\u00e3o;<\/span><\/li>\n<li><span style=\"color: #000000;\">Tomadas n\u00e3o inclusas.<\/span><\/li>\n<\/ul>\n<p><span style=\"color: #000000;\"><strong>Medidas:<\/strong><\/span><\/p>\n<ul>\n<li><span style=\"color: #000000;\">\u00d8 139 mm x 108 mm.<\/span><\/li>\n<\/ul>\n","protected":false},"excerpt":{"rendered":"<p><strong>A Caixa para piso elevado redonda \u00e9 pr\u00e1tica e vers\u00e1til. Possui entradas para eletrodutos e suporte de tomada para tr\u00eas pontos de energia e quatro de RJ 11\/45. Al\u00e9m disso, o acabamento \u00e9 fornecido em a\u00e7o inox escovado<\/strong>.<\/p>\n","protected":false},"featured_media":208,"comment_status":"closed","ping_status":"closed","template":"","meta":[],"product_brand":[],"product_cat":[19,20],"product_tag":[],"class_list":{"0":"post-195","1":"product","2":"type-product","3":"status-publish","4":"has-post-thumbnail","6":"product_cat-lancamento","7":"product_cat-piso-elevado","9":"entry","10":"has-media","12":"first","13":"instock","14":"shipping-taxable","15":"product-type-simple","16":"has-product-nav","17":"col","18":"span_1_of_3","19":"owp-content-center","20":"owp-thumbs-layout-horizontal","21":"owp-btn-normal","22":"owp-tabs-layout-horizontal"},"_links":{"self":[{"href":"https:\/\/labs.sheikeco.com.br\/Plasmold\/wp-json\/wp\/v2\/product\/195","targetHints":{"allow":["GET"]}}],"collection":[{"href":"https:\/\/labs.sheikeco.com.br\/Plasmold\/wp-json\/wp\/v2\/product"}],"about":[{"href":"https:\/\/labs.sheikeco.com.br\/Plasmold\/wp-json\/wp\/v2\/types\/product"}],"replies":[{"embeddable":true,"href":"https:\/\/labs.sheikeco.com.br\/Plasmold\/wp-json\/wp\/v2\/comments?post=195"}],"wp:featuredmedia":[{"embeddable":true,"href":"https:\/\/labs.sheikeco.com.br\/Plasmold\/wp-json\/wp\/v2\/media\/208"}],"wp:attachment":[{"href":"https:\/\/labs.sheikeco.com.br\/Plasmold\/wp-json\/wp\/v2\/media?parent=195"}],"wp:term":[{"taxonomy":"product_brand","embeddable":true,"href":"https:\/\/labs.sheikeco.com.br\/Plasmold\/wp-json\/wp\/v2\/product_brand?post=195"},{"taxonomy":"product_cat","embeddable":true,"href":"https:\/\/labs.sheikeco.com.br\/Plasmold\/wp-json\/wp\/v2\/product_cat?post=195"},{"taxonomy":"product_tag","embeddable":true,"href":"https:\/\/labs.sheikeco.com.br\/Plasmold\/wp-json\/wp\/v2\/product_tag?post=195"}],"curies":[{"name":"wp","href":"https:\/\/api.w.org\/{rel}","templated":true}]}}